{"id":2133,"date":"2016-04-28T22:07:11","date_gmt":"2016-04-28T21:07:11","guid":{"rendered":"http:\/\/college-louis-grenier.fr\/?page_id=2133"},"modified":"2023-03-10T18:33:08","modified_gmt":"2023-03-10T18:33:08","slug":"rechercher-dans-le-cdi","status":"publish","type":"page","link":"https:\/\/college-louis-grenier.fr\/index.php\/rechercher-dans-le-cdi\/","title":{"rendered":"Rechercher dans le CDI"},"content":{"rendered":"<table border=\"1\" width=\"50%\" cellpadding=\"10\">\n<tbody>\n<tr>\n<td bgcolor=\"#EDEDED\" width=\"370\" height=\"100\"><strong><span style=\"color: #5a7696;\"><span style=\"font-size: medium;\">Recherche dans le CDI<\/span><\/span>\u00a0\u00a0\u00a0\u00a0 &gt;<\/strong> ou <a title=\"Acc\u00e8s direct \u00e0 PMB\" href=\"https:\/\/applications.ac-normandie.fr\/pmb\/opac_clgLouisGrenier\/\" target=\"_blank\" rel=\"noopener\">acc\u00e8s direct \u00e0 PMB<\/a>.<br \/>Vous pouvez lancer une recherche portant sur un<br \/>ou plusieurs mots (titre, auteur, \u00e9diteur, &#8230;).\n<p>\u00a0<\/p>\n<form action=\"https:\/\/applications.ac-normandie.fr\/pmb\/opac_clgLouisGrenier\/index.php?\" target=\"_blank\"><input name=\"lvl\" type=\"hidden\" value=\"search_result\" \/><br \/><input name=\"user_query\" size=\"25\" type=\"text\" \/> <input type=\"submit\" value=\"Chercher\" \/><\/form><\/td>\n<\/tr>\n<\/tbody>\n<\/table>\n<p>Pour acc\u00e9der au portail du CDI : <strong>https:\/\/applications.ac-normandie.fr\/pmb\/opac_clgLouisGrenier\/<\/strong><\/p>\n\n\n<p><\/p>\n","protected":false},"excerpt":{"rendered":"<p>Recherche dans le CDI\u00a0\u00a0\u00a0\u00a0 &gt; ou acc\u00e8s direct \u00e0 PMB.Vous pouvez lancer une recherche portant sur unou plusieurs mots (titre, auteur, \u00e9diteur, &#8230;). \u00a0 Pour acc\u00e9der au portail du CDI : https:\/\/applications.ac-normandie.fr\/pmb\/opac_clgLouisGrenier\/<\/p>\n","protected":false},"author":1,"featured_media":0,"parent":0,"menu_order":0,"comment_status":"closed","ping_status":"closed","template":"","meta":{"footnotes":""},"class_list":["post-2133","page","type-page","status-publish","hentry","entry"],"_links":{"self":[{"href":"https:\/\/college-louis-grenier.fr\/index.php\/wp-json\/wp\/v2\/pages\/2133","targetHints":{"allow":["GET"]}}],"collection":[{"href":"https:\/\/college-louis-grenier.fr\/index.php\/wp-json\/wp\/v2\/pages"}],"about":[{"href":"https:\/\/college-louis-grenier.fr\/index.php\/wp-json\/wp\/v2\/types\/page"}],"author":[{"embeddable":true,"href":"https:\/\/college-louis-grenier.fr\/index.php\/wp-json\/wp\/v2\/users\/1"}],"replies":[{"embeddable":true,"href":"https:\/\/college-louis-grenier.fr\/index.php\/wp-json\/wp\/v2\/comments?post=2133"}],"version-history":[{"count":5,"href":"https:\/\/college-louis-grenier.fr\/index.php\/wp-json\/wp\/v2\/pages\/2133\/revisions"}],"predecessor-version":[{"id":4357,"href":"https:\/\/college-louis-grenier.fr\/index.php\/wp-json\/wp\/v2\/pages\/2133\/revisions\/4357"}],"wp:attachment":[{"href":"https:\/\/college-louis-grenier.fr\/index.php\/wp-json\/wp\/v2\/media?parent=2133"}],"curies":[{"name":"wp","href":"https:\/\/api.w.org\/{rel}","templated":true}]}}