{"id":2067,"date":"2016-04-28T15:32:05","date_gmt":"2016-04-28T14:32:05","guid":{"rendered":"http:\/\/college-louis-grenier.fr\/?page_id=2067"},"modified":"2021-02-12T14:15:00","modified_gmt":"2021-02-12T14:15:00","slug":"secretariat","status":"publish","type":"page","link":"https:\/\/college-louis-grenier.fr\/index.php\/secretariat\/","title":{"rendered":"Secr\u00e9tariat"},"content":{"rendered":"<p>Inscription au coll\u00e8ge ? Besoin d&rsquo;un papier concernant la scolarit\u00e9 de votre enfant&nbsp;?&nbsp;Une demande de bourse&nbsp;?&nbsp;etc &#8230; rendez-vous au secr\u00e9tariat.<\/p>\n\n\n<figure class=\"wp-block-image size-large\"><img loading=\"lazy\" decoding=\"async\" width=\"1024\" height=\"768\" src=\"https:\/\/college-louis-grenier.fr\/Coll%C3%A8ge%20Louis%20Grenier\/wp-content\/uploads\/2021\/02\/Secretariat-1024x768.jpg\" alt=\"\" class=\"wp-image-3967\" srcset=\"https:\/\/college-louis-grenier.fr\/siteweb\/wp-content\/uploads\/2021\/02\/Secretariat-1024x768.jpg 1024w, https:\/\/college-louis-grenier.fr\/siteweb\/wp-content\/uploads\/2021\/02\/Secretariat-300x225.jpg 300w, https:\/\/college-louis-grenier.fr\/siteweb\/wp-content\/uploads\/2021\/02\/Secretariat-768x576.jpg 768w, https:\/\/college-louis-grenier.fr\/siteweb\/wp-content\/uploads\/2021\/02\/Secretariat.jpg 1200w\" sizes=\"auto, (max-width: 1024px) 100vw, 1024px\" \/><\/figure>\n","protected":false},"excerpt":{"rendered":"<p>Inscription au coll\u00e8ge ? Besoin d&rsquo;un papier concernant la scolarit\u00e9 de votre enfant&nbsp;?&nbsp;Une demande de bourse&nbsp;?&nbsp;etc &#8230; rendez-vous au secr\u00e9tariat.<\/p>\n","protected":false},"author":1,"featured_media":0,"parent":0,"menu_order":0,"comment_status":"closed","ping_status":"closed","template":"","meta":{"footnotes":""},"class_list":["post-2067","page","type-page","status-publish","hentry","entry"],"_links":{"self":[{"href":"https:\/\/college-louis-grenier.fr\/index.php\/wp-json\/wp\/v2\/pages\/2067","targetHints":{"allow":["GET"]}}],"collection":[{"href":"https:\/\/college-louis-grenier.fr\/index.php\/wp-json\/wp\/v2\/pages"}],"about":[{"href":"https:\/\/college-louis-grenier.fr\/index.php\/wp-json\/wp\/v2\/types\/page"}],"author":[{"embeddable":true,"href":"https:\/\/college-louis-grenier.fr\/index.php\/wp-json\/wp\/v2\/users\/1"}],"replies":[{"embeddable":true,"href":"https:\/\/college-louis-grenier.fr\/index.php\/wp-json\/wp\/v2\/comments?post=2067"}],"version-history":[{"count":1,"href":"https:\/\/college-louis-grenier.fr\/index.php\/wp-json\/wp\/v2\/pages\/2067\/revisions"}],"predecessor-version":[{"id":4042,"href":"https:\/\/college-louis-grenier.fr\/index.php\/wp-json\/wp\/v2\/pages\/2067\/revisions\/4042"}],"wp:attachment":[{"href":"https:\/\/college-louis-grenier.fr\/index.php\/wp-json\/wp\/v2\/media?parent=2067"}],"curies":[{"name":"wp","href":"https:\/\/api.w.org\/{rel}","templated":true}]}}